{"id":779,"date":"2025-01-11T13:51:07","date_gmt":"2025-01-11T13:51:07","guid":{"rendered":"https:\/\/geigenbau.sstechs247.com\/sound-comparisons\/cello-von-g-b-guadagnini-anno-1751\/"},"modified":"2025-02-12T11:18:29","modified_gmt":"2025-02-12T11:18:29","slug":"cello-von-g-b-guadagnini-anno-1751","status":"publish","type":"page","link":"https:\/\/geigenbau-zeeck.de\/en\/sound-comparisons\/cello-von-g-b-guadagnini-anno-1751\/","title":{"rendered":"Cello von G.-B. Guadagnini anno 1751"},"content":{"rendered":"\t\t<div data-elementor-type=\"wp-page\" data-elementor-id=\"779\" class=\"elementor elementor-779\" data-elementor-post-type=\"page\">\n\t\t\t\t\t\t<section class=\"elementor-section elementor-top-section elementor-element elementor-element-d10ee42 elementor-section-boxed elementor-section-height-default elementor-section-height-default\" data-id=\"d10ee42\" data-element_type=\"section\" data-settings=\"{&quot;background_background&quot;:&quot;classic&quot;}\">\n\t\t\t\t\t\t<div class=\"elementor-container elementor-column-gap-default\">\n\t\t\t\t\t<div class=\"elementor-column elementor-col-100 elementor-top-column elementor-element elementor-element-79e5fb6\" data-id=\"79e5fb6\" data-element_type=\"column\" data-settings=\"{&quot;background_background&quot;:&quot;classic&quot;}\">\n\t\t\t<div class=\"elementor-widget-wrap elementor-element-populated\">\n\t\t\t\t\t\t<div class=\"elementor-element elementor-element-d09966f elementor-widget elementor-widget-elementskit-heading\" data-id=\"d09966f\" data-element_type=\"widget\" data-widget_type=\"elementskit-heading.default\">\n\t\t\t\t<div class=\"elementor-widget-container\">\n\t\t\t\t\t<div class=\"ekit-wid-con\" ><div class=\"ekit-heading elementskit-section-title-wraper text_left   ekit_heading_tablet-   ekit_heading_mobile-\"><h2 class=\"ekit-heading--title elementskit-section-title \">Cello by Giovanni Battista Guadagnini anno 1751<\/h2>\t\t\t\t<div class='ekit-heading__description'>\n\t\t\t\t\t<p class=\"tw-data-text tw-text-large tw-ta\"><span class=\"Y2IQFc\">The original is in private hands. The owner had a 1: 1 copy of her instrument made.<\/span><\/p>\n\t\t\t\t<\/div>\n\t\t\t<\/div><\/div>\t\t\t\t<\/div>\n\t\t\t\t<\/div>\n\t\t\t\t<div class=\"elementor-element elementor-element-95b9f67 elementor-widget elementor-widget-elementskit-heading\" data-id=\"95b9f67\" data-element_type=\"widget\" data-widget_type=\"elementskit-heading.default\">\n\t\t\t\t<div class=\"elementor-widget-container\">\n\t\t\t\t\t<div class=\"ekit-wid-con\" ><div class=\"ekit-heading elementskit-section-title-wraper text_left   ekit_heading_tablet-   ekit_heading_mobile-\"><h4 class=\"ekit-heading--title elementskit-section-title \">Copy of the cello by Gabriele Zeeck anno 2017<\/h4>\t\t\t\t<div class='ekit-heading__description'>\n\t\t\t\t\t<p class=\"tw-data-text tw-text-large tw-ta\"><span class=\"Y2IQFc\">The original has a very characteristic back, which was a great challenge. So I'm all the more pleased that the copy is being played in concert and solo.<\/span><\/p>\n\t\t\t\t<\/div>\n\t\t\t<\/div><\/div>\t\t\t\t<\/div>\n\t\t\t\t<\/div>\n\t\t\t\t<div class=\"elementor-element elementor-element-ea05915 elementor-widget elementor-widget-elementskit-heading\" data-id=\"ea05915\" data-element_type=\"widget\" data-widget_type=\"elementskit-heading.default\">\n\t\t\t\t<div class=\"elementor-widget-container\">\n\t\t\t\t\t<div class=\"ekit-wid-con\" ><div class=\"ekit-heading elementskit-section-title-wraper text_left   ekit_heading_tablet-   ekit_heading_mobile-\"><h4 class=\"ekit-heading--title elementskit-section-title \">Sound comparison played by Maximilian Hornung<\/h4>\t\t\t\t<div class='ekit-heading__description'>\n\t\t\t\t\t<p><strong>(Johannes Brahms: Excerpt from the double concerto in A minor for violin, cello and orchestra, op. 102)<\/strong><\/p>\n\t\t\t\t<\/div>\n\t\t\t<\/div><\/div>\t\t\t\t<\/div>\n\t\t\t\t<\/div>\n\t\t\t\t<section class=\"elementor-section elementor-inner-section elementor-element elementor-element-64a1c63 elementor-section-content-middle elementor-section-boxed elementor-section-height-default elementor-section-height-default\" data-id=\"64a1c63\" data-element_type=\"section\">\n\t\t\t\t\t\t<div class=\"elementor-container elementor-column-gap-default\">\n\t\t\t\t\t<div class=\"elementor-column elementor-col-50 elementor-inner-column elementor-element elementor-element-5deedda\" data-id=\"5deedda\" data-element_type=\"column\">\n\t\t\t<div class=\"elementor-widget-wrap elementor-element-populated\">\n\t\t\t\t\t\t<div class=\"elementor-element elementor-element-c19447f elementor-widget elementor-widget-text-editor\" data-id=\"c19447f\" data-element_type=\"widget\" data-widget_type=\"text-editor.default\">\n\t\t\t\t<div class=\"elementor-widget-container\">\n\t\t\t\t\t\t\t\t\tCello A:\t\t\t\t\t\t\t\t<\/div>\n\t\t\t\t<\/div>\n\t\t\t\t\t<\/div>\n\t\t<\/div>\n\t\t\t\t<div class=\"elementor-column elementor-col-50 elementor-inner-column elementor-element elementor-element-21e1077\" data-id=\"21e1077\" data-element_type=\"column\">\n\t\t\t<div class=\"elementor-widget-wrap elementor-element-populated\">\n\t\t\t\t\t\t<div class=\"elementor-element elementor-element-3fac6db elementor-widget elementor-widget-text-editor\" data-id=\"3fac6db\" data-element_type=\"widget\" data-widget_type=\"text-editor.default\">\n\t\t\t\t<div class=\"elementor-widget-container\">\n\t\t\t\t\t\t\t\t\t<!--[if lt IE 9]><script>document.createElement('audio');<\/script><![endif]-->\n<audio class=\"wp-audio-shortcode\" id=\"audio-779-1\" preload=\"none\" style=\"width: 100%;\" controls=\"controls\"><source type=\"audio\/mpeg\" src=\"https:\/\/geigenbau.sstechs247.com\/wp-content\/uploads\/2025\/01\/Cello_Zeeck.mp3?_=1\" \/><a href=\"https:\/\/geigenbau.sstechs247.com\/wp-content\/uploads\/2025\/01\/Cello_Zeeck.mp3\">https:\/\/geigenbau.sstechs247.com\/wp-content\/uploads\/2025\/01\/Cello_Zeeck.mp3<\/a><\/audio>\t\t\t\t\t\t\t\t<\/div>\n\t\t\t\t<\/div>\n\t\t\t\t\t<\/div>\n\t\t<\/div>\n\t\t\t\t\t<\/div>\n\t\t<\/section>\n\t\t\t\t<section class=\"elementor-section elementor-inner-section elementor-element elementor-element-9ba21d0 elementor-section-content-middle elementor-section-boxed elementor-section-height-default elementor-section-height-default\" data-id=\"9ba21d0\" data-element_type=\"section\">\n\t\t\t\t\t\t<div class=\"elementor-container elementor-column-gap-default\">\n\t\t\t\t\t<div class=\"elementor-column elementor-col-50 elementor-inner-column elementor-element elementor-element-7c2121b\" data-id=\"7c2121b\" data-element_type=\"column\">\n\t\t\t<div class=\"elementor-widget-wrap elementor-element-populated\">\n\t\t\t\t\t\t<div class=\"elementor-element elementor-element-0a1449d elementor-widget elementor-widget-text-editor\" data-id=\"0a1449d\" data-element_type=\"widget\" data-widget_type=\"text-editor.default\">\n\t\t\t\t<div class=\"elementor-widget-container\">\n\t\t\t\t\t\t\t\t\t<p>Cello B:<\/p>\t\t\t\t\t\t\t\t<\/div>\n\t\t\t\t<\/div>\n\t\t\t\t\t<\/div>\n\t\t<\/div>\n\t\t\t\t<div class=\"elementor-column elementor-col-50 elementor-inner-column elementor-element elementor-element-f458830\" data-id=\"f458830\" data-element_type=\"column\">\n\t\t\t<div class=\"elementor-widget-wrap elementor-element-populated\">\n\t\t\t\t\t\t<div class=\"elementor-element elementor-element-dfb3424 elementor-widget elementor-widget-text-editor\" data-id=\"dfb3424\" data-element_type=\"widget\" data-widget_type=\"text-editor.default\">\n\t\t\t\t<div class=\"elementor-widget-container\">\n\t\t\t\t\t\t\t\t\t<audio class=\"wp-audio-shortcode\" id=\"audio-779-2\" preload=\"none\" style=\"width: 100%;\" controls=\"controls\"><source type=\"audio\/mpeg\" src=\"https:\/\/geigenbau.sstechs247.com\/wp-content\/uploads\/2025\/01\/Cello_Guadagnini.mp3?_=2\" \/><a href=\"https:\/\/geigenbau.sstechs247.com\/wp-content\/uploads\/2025\/01\/Cello_Guadagnini.mp3\">https:\/\/geigenbau.sstechs247.com\/wp-content\/uploads\/2025\/01\/Cello_Guadagnini.mp3<\/a><\/audio>\t\t\t\t\t\t\t\t<\/div>\n\t\t\t\t<\/div>\n\t\t\t\t\t<\/div>\n\t\t<\/div>\n\t\t\t\t\t<\/div>\n\t\t<\/section>\n\t\t\t\t<section class=\"elementor-section elementor-inner-section elementor-element elementor-element-117e3a7 elementor-section-content-middle elementor-section-boxed elementor-section-height-default elementor-section-height-default\" data-id=\"117e3a7\" data-element_type=\"section\">\n\t\t\t\t\t\t<div class=\"elementor-container elementor-column-gap-default\">\n\t\t\t\t\t<div class=\"elementor-column elementor-col-100 elementor-inner-column elementor-element elementor-element-f8b8946\" data-id=\"f8b8946\" data-element_type=\"column\">\n\t\t\t<div class=\"elementor-widget-wrap elementor-element-populated\">\n\t\t\t\t\t\t<div class=\"elementor-element elementor-element-b94b1ca elementor-widget elementor-widget-text-editor\" data-id=\"b94b1ca\" data-element_type=\"widget\" data-widget_type=\"text-editor.default\">\n\t\t\t\t<div class=\"elementor-widget-container\">\n\t\t\t\t\t\t\t\t\t<p><strong>Who is who? <\/strong>\r\n\t<a class=\"paoc-popup-click paoc-popup-cust-339 paoc-popup-simple_link paoc-popup-link\" href=\"javascript:void(0);\">Hier klicken<\/a>\r\n\r\n<\/p>\t\t\t\t\t\t\t\t<\/div>\n\t\t\t\t<\/div>\n\t\t\t\t\t<\/div>\n\t\t<\/div>\n\t\t\t\t\t<\/div>\n\t\t<\/section>\n\t\t\t\t<div class=\"elementor-element elementor-element-66a8804 elementor-widget-divider--view-line elementor-widget elementor-widget-divider\" data-id=\"66a8804\" data-element_type=\"widget\" data-widget_type=\"divider.default\">\n\t\t\t\t<div class=\"elementor-widget-container\">\n\t\t\t\t\t\t\t<div class=\"elementor-divider\">\n\t\t\t<span class=\"elementor-divider-separator\">\n\t\t\t\t\t\t<\/span>\n\t\t<\/div>\n\t\t\t\t\t\t<\/div>\n\t\t\t\t<\/div>\n\t\t\t\t<section class=\"elementor-section elementor-inner-section elementor-element elementor-element-bf944cc elementor-section-content-middle elementor-section-boxed elementor-section-height-default elementor-section-height-default\" data-id=\"bf944cc\" data-element_type=\"section\">\n\t\t\t\t\t\t<div class=\"elementor-container elementor-column-gap-default\">\n\t\t\t\t\t<div class=\"elementor-column elementor-col-100 elementor-inner-column elementor-element elementor-element-3ea8b1c\" data-id=\"3ea8b1c\" data-element_type=\"column\">\n\t\t\t<div class=\"elementor-widget-wrap elementor-element-populated\">\n\t\t\t\t\t\t<div class=\"elementor-element elementor-element-8f4aa21 elementor-widget elementor-widget-image\" data-id=\"8f4aa21\" data-element_type=\"widget\" data-widget_type=\"image.default\">\n\t\t\t\t<div class=\"elementor-widget-container\">\n\t\t\t\t\t\t\t\t\t\t\t\t\t\t\t\t<a href=\"https:\/\/geigenbau.sstechs247.com\/wp-content\/uploads\/2025\/01\/MaxHornung.jpg\" data-elementor-open-lightbox=\"yes\" data-elementor-lightbox-title=\"Aufnahme_01\" data-e-action-hash=\"#elementor-action%3Aaction%3Dlightbox%26settings%3DeyJpZCI6MzQ3LCJ1cmwiOiJodHRwczpcL1wvZ2VpZ2VuYmF1LXplZWNrLmRlXC93cC1jb250ZW50XC91cGxvYWRzXC8yMDI1XC8wMVwvTWF4SG9ybnVuZy5qcGcifQ%3D%3D\">\n\t\t\t\t\t\t\t<img fetchpriority=\"high\" decoding=\"async\" width=\"2028\" height=\"993\" src=\"https:\/\/geigenbau-zeeck.de\/wp-content\/uploads\/2025\/01\/MaxHornung.jpg\" class=\"attachment-full size-full wp-image-347\" alt=\"\" srcset=\"https:\/\/geigenbau-zeeck.de\/wp-content\/uploads\/2025\/01\/MaxHornung.jpg 2028w, https:\/\/geigenbau-zeeck.de\/wp-content\/uploads\/2025\/01\/MaxHornung-300x147.jpg 300w, https:\/\/geigenbau-zeeck.de\/wp-content\/uploads\/2025\/01\/MaxHornung-1024x501.jpg 1024w, https:\/\/geigenbau-zeeck.de\/wp-content\/uploads\/2025\/01\/MaxHornung-768x376.jpg 768w, https:\/\/geigenbau-zeeck.de\/wp-content\/uploads\/2025\/01\/MaxHornung-1536x752.jpg 1536w\" sizes=\"(max-width: 2028px) 100vw, 2028px\" \/>\t\t\t\t\t\t\t\t<\/a>\n\t\t\t\t\t\t\t\t\t\t\t\t\t\t\t<\/div>\n\t\t\t\t<\/div>\n\t\t\t\t<div class=\"elementor-element elementor-element-0fde517 elementor-widget elementor-widget-text-editor\" data-id=\"0fde517\" data-element_type=\"widget\" data-widget_type=\"text-editor.default\">\n\t\t\t\t<div class=\"elementor-widget-container\">\n\t\t\t\t\t\t\t\t\t<p><em>Maximilian Hornung plays a cello by Giovanni Battista Guadagnini from 1751 and the 1:1 copy by Gabriele Zeeck from 2017 in this comparison recording in Gasteig \/ Munich.<\/em><\/p>\t\t\t\t\t\t\t\t<\/div>\n\t\t\t\t<\/div>\n\t\t\t\t\t<\/div>\n\t\t<\/div>\n\t\t\t\t\t<\/div>\n\t\t<\/section>\n\t\t\t\t<div class=\"elementor-element elementor-element-db4536b elementor-widget elementor-widget-elementskit-heading\" data-id=\"db4536b\" data-element_type=\"widget\" data-widget_type=\"elementskit-heading.default\">\n\t\t\t\t<div class=\"elementor-widget-container\">\n\t\t\t\t\t<div class=\"ekit-wid-con\" ><div class=\"ekit-heading elementskit-section-title-wraper text_left   ekit_heading_tablet-   ekit_heading_mobile-\"><h4 class=\"ekit-heading--title elementskit-section-title \">Maximilian Hornung<\/h4>\t\t\t\t<div class='ekit-heading__description'>\n\t\t\t\t\t<p><em>\u201cThe Pittsburgh Symphony Orchestra debut of cellist Maximilian Hornung on Friday night added another element of surprise to Strauss\u2019 work [\u2018Don Quixote\u2019]: His performance seemed to take stock of all this textured material and rise above it all, producing a breath with each statement. (...) Mr. Hornung\u2019s clear-eyed interpretation capably sifted through Strauss\u2019 dense musical material, his tone direct yet warm. Like an able guide navigating through an undiscovered forest, he commanded the pace of the work\u2026\u201d Pittsburgh Post-Gazette<\/em><\/p>\n<div class=\"two-col\">\n<p>With his striking musicality, instinctive stylistic certainty and musical maturity, the young cellist Maximilian Hornung is taking the international music scene by storm. Today, he regularly performs as a soloist with such renowned orchestras as the London Philharmonic Orchestra, Pittsburgh Symphony Orchestra, Philharmonia Orchestra, Tonhalle Orchestra Zurich, Orchestre National de France, Czech Philharmonic, Vienna Symphony, Swedish Radio Symphony Orchestra, Deutsche Kammerphilharmonie Bremen, Bavarian Radio Symphony Orchestra and Bamberg Symphony under conductors such as Daniel Harding, Yannick N\u00e9z\u00e9t-S\u00e9guin, Mariss Jansons, Esa-Pekka Salonen, David Zinman, Pablo Heras-Casado, Semyon Bychkov, Bernard Haitink, Manfred Honeck, Antonello Manacorda, John Storg\u00e5rds, Mario Venzago, Jonathan Nott, Kristjan J\u00e4rvi, Andrew Manze, Krzysztof Urba\u0144ski and Robin Ticciati. His chamber music partners include Anne-Sophie Mutter, Antje Weithaas, H\u00e9l\u00e8ne Grimaud, Daniil Trifonov, Christian Tetzlaff, Lisa Batiashvili, Fran\u00e7ois Leleux, Joshua Bell, Yefim Bronfman, Hisako Kawamura, Herbert Schuch, Lars Vogt, J\u00f6rg Widmann and Tabea Zimmermann. He has performed with the Arcanto Quartett and the Cuarteto Casals and has been invited to perform at festivals including Schwetzingen, Salzburg, Schleswig-Holstein, Mecklenburg-Vorpommern, Rheingau, Lucerne, Verbier, Ravinia and Hong Kong. He has appeared in concert halls such as the philharmonic halls of Berlin, Cologne and Essen as well as the Vienna Musikverein, Concertgebouw Amsterdam and London\u2019s Wigmore Hall.<\/p>\n<p>Highlights of the 2019\/20 season include re-invitations to the Bavarian Radio Symphony Orchestra under Mariss Jansons, the Staatsphilharmonie Rheinland-Pfalz and the Florida Orchestra, both under Michael Francis, the Bern Symphony Orchestra under Mario Venzago, the Munich Symphony under Kevin John Edusei , the Bochum Symphony under Hans Graf and the Nationaltheater-Orchester Mannheim under Roderick Cox. He will make his debuts at the Bregenz Festival, the ORF Radio Symphony Orchestra Vienna under J\u00e9r\u00e9mie Rhorer, the Indianapolis Symphony Orchestra under Ruth Reinhardt, the Calgary Philharmonic Orchestra under Kahchun Wong and the Bilbao Symphony Orchestra under Erik Nielsen. Additionally, he will be Artist-in-Residence at the Brandenburgisches Staatsorchester Frankfurt and showcase the wide-ranging cello repertoire as well as his own musical versatility.<\/p>\n<p>His versatile discography is impressive, and includes solo concertos as well as recordings with prominent chamber musicians. He received the ECHO Klassik Prize for his first album (Sony 2011) \u2013 for which he was designated as Young Artist of the Year \u2013 as well as for his recording of Dvo\u0159\u00e1k\u2019s Cello Concerto with the Bamberg Symphony under the direction of Sebastian Tewinkel the following year (Sony 2012). Further recordings have included Richard Strauss\u2019 major cello works with the Bavarian Radio Symphony Orchestra under Bernard Haitink (Sony 2014) and Joseph Haydn\u2019s cello concertos with the Kammerakademie Potsdam under Antonello Manacorda (Sony 2015). In 2017, Deutsche Grammophon released a highly acclaimed recording of Schubert\u2019s Trout Quintet with Anne-Sophie Mutter and Daniil Trifonov amongst others. Further recordings were released on Genuin, Linn Records, NEOS, Bridge Records and CPO. In October 2018, myrios classics released his recording of Dmitri Shostakovich\u2019s Cello Concerto No. 2 and Sulkhan Tsintsadze\u2019s Cello Concerto No. 2 with the Deutsches Symphonie-Orchester Berlin under Andris Poga. The spring of 2020 will see the release of his next myrios CD of Schumann\u2019s Cello Concerto with the Swedish Radio Symphony Orchestra under Daniel Harding.<\/p>\n<p>Maximilian Hornung, born 1986 in Augsburg, began taking cello lessons at the age of eight. The teachers with whom he has studied most intensely are Eldar Issakadze, Thomas Grossenbacher and David Geringas. As cellist of the Tecchler Trio, in which he played until 2011, he won the First Prize of the ARD Music Competition in 2007. At the age of only 23, he became first principal cellist of the Bavarian Radio Symphony Orchestra and held this position until 2013. Maximilian Hornung has been supported and sponsored by the Anne-Sophie Mutter Circle of Friends Foundation and Borletti-Buitoni Trust London.<\/p>\n<\/div>\n\t\t\t\t<\/div>\n\t\t\t<\/div><\/div>\t\t\t\t<\/div>\n\t\t\t\t<\/div>\n\t\t\t\t\t<\/div>\n\t\t<\/div>\n\t\t\t\t\t<\/div>\n\t\t<\/section>\n\t\t\t\t<\/div>\n\t\t","protected":false},"excerpt":{"rendered":"<p>Cello by Giovanni Battista Guadagnini anno 1751 The original is in private hands. The owner had a 1: 1 copy of her instrument made. Copy of the cello by Gabriele Zeeck anno 2017 The original has a very characteristic back, which was a great challenge. So I&#8217;m all the more pleased that the copy is [&hellip;]<\/p>\n","protected":false},"author":1,"featured_media":0,"parent":774,"menu_order":0,"comment_status":"closed","ping_status":"closed","template":"elementor_header_footer","meta":{"footnotes":""},"class_list":["post-779","page","type-page","status-publish","hentry"],"_links":{"self":[{"href":"https:\/\/geigenbau-zeeck.de\/en\/wp-json\/wp\/v2\/pages\/779","targetHints":{"allow":["GET"]}}],"collection":[{"href":"https:\/\/geigenbau-zeeck.de\/en\/wp-json\/wp\/v2\/pages"}],"about":[{"href":"https:\/\/geigenbau-zeeck.de\/en\/wp-json\/wp\/v2\/types\/page"}],"author":[{"embeddable":true,"href":"https:\/\/geigenbau-zeeck.de\/en\/wp-json\/wp\/v2\/users\/1"}],"replies":[{"embeddable":true,"href":"https:\/\/geigenbau-zeeck.de\/en\/wp-json\/wp\/v2\/comments?post=779"}],"version-history":[{"count":4,"href":"https:\/\/geigenbau-zeeck.de\/en\/wp-json\/wp\/v2\/pages\/779\/revisions"}],"predecessor-version":[{"id":793,"href":"https:\/\/geigenbau-zeeck.de\/en\/wp-json\/wp\/v2\/pages\/779\/revisions\/793"}],"up":[{"embeddable":true,"href":"https:\/\/geigenbau-zeeck.de\/en\/wp-json\/wp\/v2\/pages\/774"}],"wp:attachment":[{"href":"https:\/\/geigenbau-zeeck.de\/en\/wp-json\/wp\/v2\/media?parent=779"}],"curies":[{"name":"wp","href":"https:\/\/api.w.org\/{rel}","templated":true}]}}