{"id":780,"date":"2025-01-11T13:49:51","date_gmt":"2025-01-11T13:49:51","guid":{"rendered":"https:\/\/geigenbau.sstechs247.com\/sound-comparisons\/viola-von-j-b-vuillaume-anno-1858\/"},"modified":"2025-02-12T11:20:55","modified_gmt":"2025-02-12T11:20:55","slug":"viola-von-j-b-vuillaume-anno-1858","status":"publish","type":"page","link":"https:\/\/geigenbau-zeeck.de\/en\/sound-comparisons\/viola-von-j-b-vuillaume-anno-1858\/","title":{"rendered":"Viola von J.-B. Vuillaume anno 1858"},"content":{"rendered":"\t\t<div data-elementor-type=\"wp-page\" data-elementor-id=\"780\" class=\"elementor elementor-780\" data-elementor-post-type=\"page\">\n\t\t\t\t\t\t<section class=\"elementor-section elementor-top-section elementor-element elementor-element-171c730 elementor-section-boxed elementor-section-height-default elementor-section-height-default\" data-id=\"171c730\" data-element_type=\"section\" data-settings=\"{&quot;background_background&quot;:&quot;classic&quot;}\">\n\t\t\t\t\t\t<div class=\"elementor-container elementor-column-gap-default\">\n\t\t\t\t\t<div class=\"elementor-column elementor-col-100 elementor-top-column elementor-element elementor-element-7a3b49c\" data-id=\"7a3b49c\" data-element_type=\"column\" data-settings=\"{&quot;background_background&quot;:&quot;classic&quot;}\">\n\t\t\t<div class=\"elementor-widget-wrap elementor-element-populated\">\n\t\t\t\t\t\t<div class=\"elementor-element elementor-element-e56c271 elementor-widget elementor-widget-elementskit-heading\" data-id=\"e56c271\" data-element_type=\"widget\" data-widget_type=\"elementskit-heading.default\">\n\t\t\t\t<div class=\"elementor-widget-container\">\n\t\t\t\t\t<div class=\"ekit-wid-con\" ><div class=\"ekit-heading elementskit-section-title-wraper text_left   ekit_heading_tablet-   ekit_heading_mobile-\"><h2 class=\"ekit-heading--title elementskit-section-title \">Viola by Jean Baptiste Vuillaume anno 1858<\/h2>\t\t\t\t<div class='ekit-heading__description'>\n\t\t\t\t\t<p>This exceptionally well-preserved instrument is privately owned. The owner commissioned a copy of its original in 2019.<\/p>\n\t\t\t\t<\/div>\n\t\t\t<\/div><\/div>\t\t\t\t<\/div>\n\t\t\t\t<\/div>\n\t\t\t\t<div class=\"elementor-element elementor-element-cc4206a elementor-widget elementor-widget-elementskit-heading\" data-id=\"cc4206a\" data-element_type=\"widget\" data-widget_type=\"elementskit-heading.default\">\n\t\t\t\t<div class=\"elementor-widget-container\">\n\t\t\t\t\t<div class=\"ekit-wid-con\" ><div class=\"ekit-heading elementskit-section-title-wraper text_left   ekit_heading_tablet-   ekit_heading_mobile-\"><h4 class=\"ekit-heading--title elementskit-section-title \">Violy copy by Gabriele Zeeck anno 2020<\/h4>\t\t\t\t<div class='ekit-heading__description'>\n\t\t\t\t\t<p>In order to exactly match the acoustic and optical character of the instrument, every instrument construction begins with the perfect choice of wood. Tonewood goes through several stages of a special aging process. For the acoustic properties, copying with millimeter precision does not lead to the goal, but rather the exact reproduction of the elasticity of the original.<\/p>\n\t\t\t\t<\/div>\n\t\t\t<\/div><\/div>\t\t\t\t<\/div>\n\t\t\t\t<\/div>\n\t\t\t\t<div class=\"elementor-element elementor-element-c60cbdd elementor-widget elementor-widget-elementskit-heading\" data-id=\"c60cbdd\" data-element_type=\"widget\" data-widget_type=\"elementskit-heading.default\">\n\t\t\t\t<div class=\"elementor-widget-container\">\n\t\t\t\t\t<div class=\"ekit-wid-con\" ><div class=\"ekit-heading elementskit-section-title-wraper text_left   ekit_heading_tablet-   ekit_heading_mobile-\"><h4 class=\"ekit-heading--title elementskit-section-title \">Sound comparison played by Franziska D\u00fcrr<\/h4>\t\t\t\t<div class='ekit-heading__description'>\n\t\t\t\t\t<p><span style=\"color: #000000\"><strong>(Gabriel Faur\u00e9, Apr\u00e8s un r\u00eave)<\/strong><\/span><\/p>\n\t\t\t\t<\/div>\n\t\t\t<\/div><\/div>\t\t\t\t<\/div>\n\t\t\t\t<\/div>\n\t\t\t\t<section class=\"elementor-section elementor-inner-section elementor-element elementor-element-a1275d5 elementor-section-content-middle elementor-section-boxed elementor-section-height-default elementor-section-height-default\" data-id=\"a1275d5\" data-element_type=\"section\">\n\t\t\t\t\t\t<div class=\"elementor-container elementor-column-gap-default\">\n\t\t\t\t\t<div class=\"elementor-column elementor-col-50 elementor-inner-column elementor-element elementor-element-74471e2\" data-id=\"74471e2\" data-element_type=\"column\">\n\t\t\t<div class=\"elementor-widget-wrap elementor-element-populated\">\n\t\t\t\t\t\t<div class=\"elementor-element elementor-element-6da3537 elementor-widget elementor-widget-text-editor\" data-id=\"6da3537\" data-element_type=\"widget\" data-widget_type=\"text-editor.default\">\n\t\t\t\t<div class=\"elementor-widget-container\">\n\t\t\t\t\t\t\t\t\tViola A:\t\t\t\t\t\t\t\t<\/div>\n\t\t\t\t<\/div>\n\t\t\t\t\t<\/div>\n\t\t<\/div>\n\t\t\t\t<div class=\"elementor-column elementor-col-50 elementor-inner-column elementor-element elementor-element-eca873e\" data-id=\"eca873e\" data-element_type=\"column\">\n\t\t\t<div class=\"elementor-widget-wrap elementor-element-populated\">\n\t\t\t\t\t\t<div class=\"elementor-element elementor-element-61f02fc elementor-widget elementor-widget-text-editor\" data-id=\"61f02fc\" data-element_type=\"widget\" data-widget_type=\"text-editor.default\">\n\t\t\t\t<div class=\"elementor-widget-container\">\n\t\t\t\t\t\t\t\t\t<!--[if lt IE 9]><script>document.createElement('audio');<\/script><![endif]-->\n<audio class=\"wp-audio-shortcode\" id=\"audio-780-1\" preload=\"none\" style=\"width: 100%;\" controls=\"controls\"><source type=\"audio\/mpeg\" src=\"https:\/\/geigenbau.sstechs247.com\/wp-content\/uploads\/2025\/01\/Viola_Zeeck.mp3?_=1\" \/><a href=\"https:\/\/geigenbau.sstechs247.com\/wp-content\/uploads\/2025\/01\/Viola_Zeeck.mp3\">https:\/\/geigenbau.sstechs247.com\/wp-content\/uploads\/2025\/01\/Viola_Zeeck.mp3<\/a><\/audio>\t\t\t\t\t\t\t\t<\/div>\n\t\t\t\t<\/div>\n\t\t\t\t\t<\/div>\n\t\t<\/div>\n\t\t\t\t\t<\/div>\n\t\t<\/section>\n\t\t\t\t<section class=\"elementor-section elementor-inner-section elementor-element elementor-element-0541c51 elementor-section-content-middle elementor-section-boxed elementor-section-height-default elementor-section-height-default\" data-id=\"0541c51\" data-element_type=\"section\">\n\t\t\t\t\t\t<div class=\"elementor-container elementor-column-gap-default\">\n\t\t\t\t\t<div class=\"elementor-column elementor-col-50 elementor-inner-column elementor-element elementor-element-4b03d25\" data-id=\"4b03d25\" data-element_type=\"column\">\n\t\t\t<div class=\"elementor-widget-wrap elementor-element-populated\">\n\t\t\t\t\t\t<div class=\"elementor-element elementor-element-6807404 elementor-widget elementor-widget-text-editor\" data-id=\"6807404\" data-element_type=\"widget\" data-widget_type=\"text-editor.default\">\n\t\t\t\t<div class=\"elementor-widget-container\">\n\t\t\t\t\t\t\t\t\t<p>Viola B:<\/p>\t\t\t\t\t\t\t\t<\/div>\n\t\t\t\t<\/div>\n\t\t\t\t\t<\/div>\n\t\t<\/div>\n\t\t\t\t<div class=\"elementor-column elementor-col-50 elementor-inner-column elementor-element elementor-element-e44b338\" data-id=\"e44b338\" data-element_type=\"column\">\n\t\t\t<div class=\"elementor-widget-wrap elementor-element-populated\">\n\t\t\t\t\t\t<div class=\"elementor-element elementor-element-e30564d elementor-widget elementor-widget-text-editor\" data-id=\"e30564d\" data-element_type=\"widget\" data-widget_type=\"text-editor.default\">\n\t\t\t\t<div class=\"elementor-widget-container\">\n\t\t\t\t\t\t\t\t\t<audio class=\"wp-audio-shortcode\" id=\"audio-780-2\" preload=\"none\" style=\"width: 100%;\" controls=\"controls\"><source type=\"audio\/mpeg\" src=\"https:\/\/geigenbau.sstechs247.com\/wp-content\/uploads\/2025\/01\/Viola_Vuillaume.mp3?_=2\" \/><a href=\"https:\/\/geigenbau.sstechs247.com\/wp-content\/uploads\/2025\/01\/Viola_Vuillaume.mp3\">https:\/\/geigenbau.sstechs247.com\/wp-content\/uploads\/2025\/01\/Viola_Vuillaume.mp3<\/a><\/audio>\t\t\t\t\t\t\t\t<\/div>\n\t\t\t\t<\/div>\n\t\t\t\t\t<\/div>\n\t\t<\/div>\n\t\t\t\t\t<\/div>\n\t\t<\/section>\n\t\t\t\t<section class=\"elementor-section elementor-inner-section elementor-element elementor-element-52d4eaa elementor-section-content-middle elementor-section-boxed elementor-section-height-default elementor-section-height-default\" data-id=\"52d4eaa\" data-element_type=\"section\">\n\t\t\t\t\t\t<div class=\"elementor-container elementor-column-gap-default\">\n\t\t\t\t\t<div class=\"elementor-column elementor-col-100 elementor-inner-column elementor-element elementor-element-d30406c\" data-id=\"d30406c\" data-element_type=\"column\">\n\t\t\t<div class=\"elementor-widget-wrap elementor-element-populated\">\n\t\t\t\t\t\t<div class=\"elementor-element elementor-element-e1feaec elementor-widget elementor-widget-text-editor\" data-id=\"e1feaec\" data-element_type=\"widget\" data-widget_type=\"text-editor.default\">\n\t\t\t\t<div class=\"elementor-widget-container\">\n\t\t\t\t\t\t\t\t\t<p><strong>Who is who? <\/strong>\r\n\t<a class=\"paoc-popup-click paoc-popup-cust-327 paoc-popup-simple_link paoc-popup-link\" href=\"javascript:void(0);\">Hier klicken<\/a>\r\n\r\n<\/p>\t\t\t\t\t\t\t\t<\/div>\n\t\t\t\t<\/div>\n\t\t\t\t\t<\/div>\n\t\t<\/div>\n\t\t\t\t\t<\/div>\n\t\t<\/section>\n\t\t\t\t<div class=\"elementor-element elementor-element-7b81269 elementor-widget-divider--view-line elementor-widget elementor-widget-divider\" data-id=\"7b81269\" data-element_type=\"widget\" data-widget_type=\"divider.default\">\n\t\t\t\t<div class=\"elementor-widget-container\">\n\t\t\t\t\t\t\t<div class=\"elementor-divider\">\n\t\t\t<span class=\"elementor-divider-separator\">\n\t\t\t\t\t\t<\/span>\n\t\t<\/div>\n\t\t\t\t\t\t<\/div>\n\t\t\t\t<\/div>\n\t\t\t\t<section class=\"elementor-section elementor-inner-section elementor-element elementor-element-ef8628e elementor-section-content-middle elementor-section-boxed elementor-section-height-default elementor-section-height-default\" data-id=\"ef8628e\" data-element_type=\"section\">\n\t\t\t\t\t\t<div class=\"elementor-container elementor-column-gap-default\">\n\t\t\t\t\t<div class=\"elementor-column elementor-col-100 elementor-inner-column elementor-element elementor-element-37ceeb4\" data-id=\"37ceeb4\" data-element_type=\"column\">\n\t\t\t<div class=\"elementor-widget-wrap elementor-element-populated\">\n\t\t\t\t\t\t<div class=\"elementor-element elementor-element-590b510 elementor-widget elementor-widget-image\" data-id=\"590b510\" data-element_type=\"widget\" data-widget_type=\"image.default\">\n\t\t\t\t<div class=\"elementor-widget-container\">\n\t\t\t\t\t\t\t\t\t\t\t\t\t\t\t\t<a href=\"https:\/\/geigenbau.sstechs247.com\/wp-content\/uploads\/2025\/01\/Studioaufnahme_04.jpg\" data-elementor-open-lightbox=\"yes\" data-elementor-lightbox-title=\"Stusdioaufnahme\" data-e-action-hash=\"#elementor-action%3Aaction%3Dlightbox%26settings%3DeyJpZCI6MzM1LCJ1cmwiOiJodHRwczpcL1wvZ2VpZ2VuYmF1LXplZWNrLmRlXC93cC1jb250ZW50XC91cGxvYWRzXC8yMDI1XC8wMVwvU3R1ZGlvYXVmbmFobWVfMDQuanBnIn0%3D\">\n\t\t\t\t\t\t\t<img fetchpriority=\"high\" decoding=\"async\" width=\"2028\" height=\"993\" src=\"https:\/\/geigenbau-zeeck.de\/wp-content\/uploads\/2025\/01\/Studioaufnahme_04.jpg\" class=\"attachment-full size-full wp-image-335\" alt=\"\" srcset=\"https:\/\/geigenbau-zeeck.de\/wp-content\/uploads\/2025\/01\/Studioaufnahme_04.jpg 2028w, https:\/\/geigenbau-zeeck.de\/wp-content\/uploads\/2025\/01\/Studioaufnahme_04-300x147.jpg 300w, https:\/\/geigenbau-zeeck.de\/wp-content\/uploads\/2025\/01\/Studioaufnahme_04-1024x501.jpg 1024w, https:\/\/geigenbau-zeeck.de\/wp-content\/uploads\/2025\/01\/Studioaufnahme_04-768x376.jpg 768w, https:\/\/geigenbau-zeeck.de\/wp-content\/uploads\/2025\/01\/Studioaufnahme_04-1536x752.jpg 1536w\" sizes=\"(max-width: 2028px) 100vw, 2028px\" \/>\t\t\t\t\t\t\t\t<\/a>\n\t\t\t\t\t\t\t\t\t\t\t\t\t\t\t<\/div>\n\t\t\t\t<\/div>\n\t\t\t\t<div class=\"elementor-element elementor-element-14f3faf elementor-widget elementor-widget-text-editor\" data-id=\"14f3faf\" data-element_type=\"widget\" data-widget_type=\"text-editor.default\">\n\t\t\t\t<div class=\"elementor-widget-container\">\n\t\t\t\t\t\t\t\t\t<p><em><a href=\"https:\/\/www.franziskaduerr.de\/\" target=\"_blank\" rel=\"noopener\">Franziska D\u00fcrr<\/a>\u00a0and Heike Bleckmann (piano) during the recording in Studio Rabus in Karlsruhe Durlach (July 2021). Recording by Roland Winger.<\/em><\/p>\t\t\t\t\t\t\t\t<\/div>\n\t\t\t\t<\/div>\n\t\t\t\t\t<\/div>\n\t\t<\/div>\n\t\t\t\t\t<\/div>\n\t\t<\/section>\n\t\t\t\t<div class=\"elementor-element elementor-element-360438f elementor-widget elementor-widget-elementskit-heading\" data-id=\"360438f\" data-element_type=\"widget\" data-widget_type=\"elementskit-heading.default\">\n\t\t\t\t<div class=\"elementor-widget-container\">\n\t\t\t\t\t<div class=\"ekit-wid-con\" ><div class=\"ekit-heading elementskit-section-title-wraper text_left   ekit_heading_tablet-   ekit_heading_mobile-\"><h4 class=\"ekit-heading--title elementskit-section-title \">Franziska D\u00fcrr<\/h4>\t\t\t\t<div class='ekit-heading__description'>\n\t\t\t\t\t<p>Franziska D\u00fcrr studied violin with Gerhard Voss in Stuttgart as well as chamber music in the \u201cMelos Quartet\u201d class. This was followed by studies with Ernst Kovacic in Vienna, which ended with a concert diploma. During this time she took viola lessons with Prof. Hatto Beyerle (Alban Berg Quartet) and Prof. Siegfried F\u00fchrlinger (Viennese string sextet). After switching to the viola, she continued her viola studies with Prof. Thomas Riebl (Viennese string sextet) at the Salzburg Mozarteum. She attended master classes for both violin and viola with Oscar Shumsky, Sandor Vegh, Atar Arad and the La Salle Quartet.<\/p>\n<p>Since then, solo and chamber music engagements have followed in several European countries, including at the International Bach Academy Stuttgart, the \u201cCarinthian Summer\u201d, the Chamber Music Festival Austria and the \u201cOpen Chamber Music\u201d in Prussia Cove (Cornwall).<\/p>\n<p>Franziska D\u00fcrr has been principal violist of the Badische Staatskapelle Karlsruhe since 1990. From 1992 to 2015 she taught viola as an honorary professor at the State University for Music and Performing Arts in Mannheim. Since 2016 she has been a lecturer at the Kalaidos University of Applied Sciences (Department of Music) Switzerland\u00a0<a href=\"https:\/\/www.franziskaduerr.de\/%C3%BCber_menu.html\" target=\"_blank\" rel=\"noopener\">(complete CV)<\/a>.<\/p>\n\t\t\t\t<\/div>\n\t\t\t<\/div><\/div>\t\t\t\t<\/div>\n\t\t\t\t<\/div>\n\t\t\t\t\t<\/div>\n\t\t<\/div>\n\t\t\t\t\t<\/div>\n\t\t<\/section>\n\t\t\t\t<\/div>\n\t\t","protected":false},"excerpt":{"rendered":"<p>Viola by Jean Baptiste Vuillaume anno 1858 This exceptionally well-preserved instrument is privately owned. The owner commissioned a copy of its original in 2019. Violy copy by Gabriele Zeeck anno 2020 In order to exactly match the acoustic and optical character of the instrument, every instrument construction begins with the perfect choice of wood. Tonewood [&hellip;]<\/p>\n","protected":false},"author":1,"featured_media":0,"parent":774,"menu_order":0,"comment_status":"closed","ping_status":"closed","template":"elementor_header_footer","meta":{"footnotes":""},"class_list":["post-780","page","type-page","status-publish","hentry"],"_links":{"self":[{"href":"https:\/\/geigenbau-zeeck.de\/en\/wp-json\/wp\/v2\/pages\/780","targetHints":{"allow":["GET"]}}],"collection":[{"href":"https:\/\/geigenbau-zeeck.de\/en\/wp-json\/wp\/v2\/pages"}],"about":[{"href":"https:\/\/geigenbau-zeeck.de\/en\/wp-json\/wp\/v2\/types\/page"}],"author":[{"embeddable":true,"href":"https:\/\/geigenbau-zeeck.de\/en\/wp-json\/wp\/v2\/users\/1"}],"replies":[{"embeddable":true,"href":"https:\/\/geigenbau-zeeck.de\/en\/wp-json\/wp\/v2\/comments?post=780"}],"version-history":[{"count":4,"href":"https:\/\/geigenbau-zeeck.de\/en\/wp-json\/wp\/v2\/pages\/780\/revisions"}],"predecessor-version":[{"id":796,"href":"https:\/\/geigenbau-zeeck.de\/en\/wp-json\/wp\/v2\/pages\/780\/revisions\/796"}],"up":[{"embeddable":true,"href":"https:\/\/geigenbau-zeeck.de\/en\/wp-json\/wp\/v2\/pages\/774"}],"wp:attachment":[{"href":"https:\/\/geigenbau-zeeck.de\/en\/wp-json\/wp\/v2\/media?parent=780"}],"curies":[{"name":"wp","href":"https:\/\/api.w.org\/{rel}","templated":true}]}}