{"id":810,"date":"2025-02-12T11:47:47","date_gmt":"2025-02-12T11:47:47","guid":{"rendered":"https:\/\/geigenbau.sstechs247.com\/start2\/"},"modified":"2025-02-12T12:03:42","modified_gmt":"2025-02-12T12:03:42","slug":"start","status":"publish","type":"page","link":"https:\/\/geigenbau-zeeck.de\/en\/","title":{"rendered":"Start"},"content":{"rendered":"\t\t<div data-elementor-type=\"wp-page\" data-elementor-id=\"810\" class=\"elementor elementor-810\" data-elementor-post-type=\"page\">\n\t\t\t\t\t\t<section class=\"elementor-section elementor-top-section elementor-element elementor-element-d0a1436 elementor-section-boxed elementor-section-height-default elementor-section-height-default\" data-id=\"d0a1436\" data-element_type=\"section\" data-settings=\"{&quot;background_background&quot;:&quot;classic&quot;}\">\n\t\t\t\t\t\t<div class=\"elementor-container elementor-column-gap-default\">\n\t\t\t\t\t<div class=\"elementor-column elementor-col-33 elementor-top-column elementor-element elementor-element-4bfb221\" data-id=\"4bfb221\" data-element_type=\"column\" data-settings=\"{&quot;background_background&quot;:&quot;classic&quot;}\">\n\t\t\t<div class=\"elementor-widget-wrap elementor-element-populated\">\n\t\t\t\t\t\t<div class=\"elementor-element elementor-element-b0160b4 elementor-widget elementor-widget-image\" data-id=\"b0160b4\" data-element_type=\"widget\" data-widget_type=\"image.default\">\n\t\t\t\t<div class=\"elementor-widget-container\">\n\t\t\t\t\t\t\t\t\t\t\t\t\t\t\t<img fetchpriority=\"high\" decoding=\"async\" width=\"246\" height=\"252\" src=\"https:\/\/geigenbau-zeeck.de\/wp-content\/uploads\/2024\/12\/Gabi_Span-1.jpg\" class=\"attachment-full size-full wp-image-46\" alt=\"\" \/>\t\t\t\t\t\t\t\t\t\t\t\t\t\t\t<\/div>\n\t\t\t\t<\/div>\n\t\t\t\t<div class=\"elementor-element elementor-element-cdd57c6 elementor-widget elementor-widget-elementskit-heading\" data-id=\"cdd57c6\" data-element_type=\"widget\" data-widget_type=\"elementskit-heading.default\">\n\t\t\t\t<div class=\"elementor-widget-container\">\n\t\t\t\t\t<div class=\"ekit-wid-con\" ><div class=\"ekit-heading elementskit-section-title-wraper text_left   ekit_heading_tablet-   ekit_heading_mobile-\"><h2 class=\"ekit-heading--title elementskit-section-title \">News<\/h2>\t\t\t\t<div class='ekit-heading__description'>\n\t\t\t\t\t<p><span style=\"color: #000000\"><strong><a style=\"color: #000000\" href=\"https:\/\/www.selbstaendig-im-handwerk.de\/Aktuelles\/PersoenlichkeitimHandwerk\/gruenderinnengalerie\/Gabriele-Zeeck-Geigenbau-Zeeck-in-Karlsruhe-Durlach\" target=\"_blank\" rel=\"noopener\">Chamber of handicrafts: election in the category of \"outstanding female personalities\".<\/a><\/strong><\/span><\/p>\n\t\t\t\t<\/div>\n\t\t\t<\/div><\/div>\t\t\t\t<\/div>\n\t\t\t\t<\/div>\n\t\t\t\t<div class=\"elementor-element elementor-element-048e649 elementor-widget-divider--view-line elementor-widget elementor-widget-divider\" data-id=\"048e649\" data-element_type=\"widget\" data-widget_type=\"divider.default\">\n\t\t\t\t<div class=\"elementor-widget-container\">\n\t\t\t\t\t\t\t<div class=\"elementor-divider\">\n\t\t\t<span class=\"elementor-divider-separator\">\n\t\t\t\t\t\t<\/span>\n\t\t<\/div>\n\t\t\t\t\t\t<\/div>\n\t\t\t\t<\/div>\n\t\t\t\t<div class=\"elementor-element elementor-element-489c144 elementor-widget elementor-widget-text-editor\" data-id=\"489c144\" data-element_type=\"widget\" data-widget_type=\"text-editor.default\">\n\t\t\t\t<div class=\"elementor-widget-container\">\n\t\t\t\t\t\t\t\t\t<span style=\"color: #000000;\"><strong><a style=\"color: #000000;\" href=\"https:\/\/geigenbau.sstechs247.com\/31-newinstrument-conteminimale\/\" target=\"_parent\">New Viola (Conte &#8220;minimale&#8221;)\n<\/a><\/strong><\/span>\n\n<span style=\"color: #000000;\"><a style=\"color: #000000;\" href=\"https:\/\/geigenbau.sstechs247.com\/en\/32-newinstrument-conteminimal\/\" target=\"_parent\">-History of origins<\/a><\/span>\n\n<a href=\"https:\/\/youtu.be\/16zh8dG7uOg\" target=\"_blank\" rel=\"noopener\"><span style=\"color: #000000;\">&#8211; Video auf <img decoding=\"async\" src=\"https:\/\/geigenbau.sstechs247.com\/wp-content\/uploads\/2024\/12\/YouTube_Logo_2017.png\" alt=\"YouTube Logo 2017\" width=\"76\" height=\"17\" \/><\/span><\/a>\t\t\t\t\t\t\t\t<\/div>\n\t\t\t\t<\/div>\n\t\t\t\t<div class=\"elementor-element elementor-element-1180a97 elementor-widget-divider--view-line elementor-widget elementor-widget-divider\" data-id=\"1180a97\" data-element_type=\"widget\" data-widget_type=\"divider.default\">\n\t\t\t\t<div class=\"elementor-widget-container\">\n\t\t\t\t\t\t\t<div class=\"elementor-divider\">\n\t\t\t<span class=\"elementor-divider-separator\">\n\t\t\t\t\t\t<\/span>\n\t\t<\/div>\n\t\t\t\t\t\t<\/div>\n\t\t\t\t<\/div>\n\t\t\t\t<div class=\"elementor-element elementor-element-209fb72 elementor-widget elementor-widget-text-editor\" data-id=\"209fb72\" data-element_type=\"widget\" data-widget_type=\"text-editor.default\">\n\t\t\t\t<div class=\"elementor-widget-container\">\n\t\t\t\t\t\t\t\t\t<p><strong><span style=\"color: #000000;\"><a style=\"color: #000000;\" href=\"https:\/\/geigenbau.sstechs247.com\/wp-content\/uploads\/2024\/12\/das-geheimnis-des-geigenlacks-swr2-matinee-20200726m.mp3\" target=\"_blank\" rel=\"noopener\">SWR2 Podcast: The secret of violin varnish<\/a><\/span><\/strong><\/p><p>(interview with me in German)<\/p>\t\t\t\t\t\t\t\t<\/div>\n\t\t\t\t<\/div>\n\t\t\t\t\t<\/div>\n\t\t<\/div>\n\t\t\t\t<div class=\"elementor-column elementor-col-33 elementor-top-column elementor-element elementor-element-5803fb0\" data-id=\"5803fb0\" data-element_type=\"column\" data-settings=\"{&quot;background_background&quot;:&quot;classic&quot;}\">\n\t\t\t<div class=\"elementor-widget-wrap elementor-element-populated\">\n\t\t\t\t\t\t<div class=\"elementor-element elementor-element-45c22a3 elementor-widget elementor-widget-elementskit-heading\" data-id=\"45c22a3\" data-element_type=\"widget\" data-widget_type=\"elementskit-heading.default\">\n\t\t\t\t<div class=\"elementor-widget-container\">\n\t\t\t\t\t<div class=\"ekit-wid-con\" ><div class=\"ekit-heading elementskit-section-title-wraper text_left   ekit_heading_tablet-   ekit_heading_mobile-\"><h2 class=\"ekit-heading--title elementskit-section-title \">Welcome<\/h2>\t\t\t\t<div class='ekit-heading__description'>\n\t\t\t\t\t<p>My master workshop for string instruments is located in the beautiful old town of\u00a0<a href=\"https:\/\/en.wikipedia.org\/wiki\/Durlach\" target=\"_blank\" rel=\"noopener\">Durlach<\/a>.<\/p>\n<p>Since 2015 I offer hand crafted new instruments and professional sound adjustments according to your needs and preferences.<\/p>\n\t\t\t\t<\/div>\n\t\t\t<\/div><\/div>\t\t\t\t<\/div>\n\t\t\t\t<\/div>\n\t\t\t\t<div class=\"elementor-element elementor-element-ccf05bc elementor-widget elementor-widget-elementskit-heading\" data-id=\"ccf05bc\" data-element_type=\"widget\" data-widget_type=\"elementskit-heading.default\">\n\t\t\t\t<div class=\"elementor-widget-container\">\n\t\t\t\t\t<div class=\"ekit-wid-con\" ><div class=\"ekit-heading elementskit-section-title-wraper text_left   ekit_heading_tablet-   ekit_heading_mobile-\"><h4 class=\"ekit-heading--title elementskit-section-title \">New handcrafted violins, violas and cellos<\/h4>\t\t\t\t<div class='ekit-heading__description'>\n\t\t\t\t\t<p>I use for my new violins, viola and cellos a variety of historic significant models from Stradivari, Guarneri, Guagagnini, Montagnana and other significant makers.\u00a0I build these instruments with visual identical imitation with historic varnish and true wear.<\/p>\n<p>A new instrument is always made by working very closely with you according to your personal preferences regarding sound concept, size and appearance.<\/p>\n\t\t\t\t<\/div>\n\t\t\t<\/div><\/div>\t\t\t\t<\/div>\n\t\t\t\t<\/div>\n\t\t\t\t<div class=\"elementor-element elementor-element-5d3b771 elementor-widget elementor-widget-elementskit-heading\" data-id=\"5d3b771\" data-element_type=\"widget\" data-widget_type=\"elementskit-heading.default\">\n\t\t\t\t<div class=\"elementor-widget-container\">\n\t\t\t\t\t<div class=\"ekit-wid-con\" ><div class=\"ekit-heading elementskit-section-title-wraper text_left   ekit_heading_tablet-   ekit_heading_mobile-\"><h4 class=\"ekit-heading--title elementskit-section-title \">Sound adjustments and other service<\/h4>\t\t\t\t<div class='ekit-heading__description'>\n\t\t\t\t\t<ul>\n<li>Individual adjustments of your instrument with your needs in mind ...<\/li>\n<li>Sound adjustment according to your preferences ...<\/li>\n<li>Bow rehairs and repairs (also bass bows and baroque bows)<\/li>\n<li>Certificates (declaration of materials) for travel outside the EU<\/li>\n<\/ul>\n<p>Yours,<\/p>\n\t\t\t\t<\/div>\n\t\t\t<\/div><\/div>\t\t\t\t<\/div>\n\t\t\t\t<\/div>\n\t\t\t\t<div class=\"elementor-element elementor-element-fc97072 elementor-widget elementor-widget-image\" data-id=\"fc97072\" data-element_type=\"widget\" data-widget_type=\"image.default\">\n\t\t\t\t<div class=\"elementor-widget-container\">\n\t\t\t\t\t\t\t\t\t\t\t\t\t\t\t<img decoding=\"async\" width=\"315\" height=\"79\" src=\"https:\/\/geigenbau-zeeck.de\/wp-content\/uploads\/2024\/12\/SignatureForWeb.jpg\" class=\"attachment-full size-full wp-image-51\" alt=\"\" srcset=\"https:\/\/geigenbau-zeeck.de\/wp-content\/uploads\/2024\/12\/SignatureForWeb.jpg 315w, https:\/\/geigenbau-zeeck.de\/wp-content\/uploads\/2024\/12\/SignatureForWeb-300x75.jpg 300w\" sizes=\"(max-width: 315px) 100vw, 315px\" \/>\t\t\t\t\t\t\t\t\t\t\t\t\t\t\t<\/div>\n\t\t\t\t<\/div>\n\t\t\t\t\t<\/div>\n\t\t<\/div>\n\t\t\t\t<div class=\"elementor-column elementor-col-33 elementor-top-column elementor-element elementor-element-71d4669\" data-id=\"71d4669\" data-element_type=\"column\" data-settings=\"{&quot;background_background&quot;:&quot;classic&quot;}\">\n\t\t\t<div class=\"elementor-widget-wrap elementor-element-populated\">\n\t\t\t\t\t\t<div class=\"elementor-element elementor-element-e11c756 elementor-widget elementor-widget-image\" data-id=\"e11c756\" data-element_type=\"widget\" data-widget_type=\"image.default\">\n\t\t\t\t<div class=\"elementor-widget-container\">\n\t\t\t\t\t\t\t\t\t\t\t\t\t\t\t<img loading=\"lazy\" decoding=\"async\" width=\"400\" height=\"227\" src=\"https:\/\/geigenbau-zeeck.de\/wp-content\/uploads\/2025\/02\/Geige_04.jpg\" class=\"attachment-full size-full wp-image-687\" alt=\"\" srcset=\"https:\/\/geigenbau-zeeck.de\/wp-content\/uploads\/2025\/02\/Geige_04.jpg 400w, https:\/\/geigenbau-zeeck.de\/wp-content\/uploads\/2025\/02\/Geige_04-300x170.jpg 300w\" sizes=\"(max-width: 400px) 100vw, 400px\" \/>\t\t\t\t\t\t\t\t\t\t\t\t\t\t\t<\/div>\n\t\t\t\t<\/div>\n\t\t\t\t<div class=\"elementor-element elementor-element-5ef33fd elementor-widget elementor-widget-text-editor\" data-id=\"5ef33fd\" data-element_type=\"widget\" data-widget_type=\"text-editor.default\">\n\t\t\t\t<div class=\"elementor-widget-container\">\n\t\t\t\t\t\t\t\t\t<p>Geigenbau Zeeck<br \/>Zunftstra\u00dfe 2<br \/>76227 Karlsruhe<\/p><p>fon: +49 721 2019578<br \/>mail:\u00a0<a href=\"mailto:info@geigenbau-zeeck.de\">info@geigenbau-zeeck.de<\/a><\/p>\t\t\t\t\t\t\t\t<\/div>\n\t\t\t\t<\/div>\n\t\t\t\t<div class=\"elementor-element elementor-element-5c00331 elementor-align-right elementor-icon-list--layout-traditional elementor-list-item-link-full_width elementor-widget elementor-widget-icon-list\" data-id=\"5c00331\" data-element_type=\"widget\" data-widget_type=\"icon-list.default\">\n\t\t\t\t<div class=\"elementor-widget-container\">\n\t\t\t\t\t\t\t<ul class=\"elementor-icon-list-items\">\n\t\t\t\t\t\t\t<li class=\"elementor-icon-list-item\">\n\t\t\t\t\t\t\t\t\t\t\t<a href=\"https:\/\/www.instagram.com\/geigenbauzeeck\/\" target=\"_blank\">\n\n\t\t\t\t\t\t\t\t\t\t\t\t<span class=\"elementor-icon-list-icon\">\n\t\t\t\t\t\t\t<svg aria-hidden=\"true\" class=\"e-font-icon-svg e-fab-instagram\" viewBox=\"0 0 448 512\" xmlns=\"http:\/\/www.w3.org\/2000\/svg\"><path d=\"M224.1 141c-63.6 0-114.9 51.3-114.9 114.9s51.3 114.9 114.9 114.9S339 319.5 339 255.9 287.7 141 224.1 141zm0 189.6c-41.1 0-74.7-33.5-74.7-74.7s33.5-74.7 74.7-74.7 74.7 33.5 74.7 74.7-33.6 74.7-74.7 74.7zm146.4-194.3c0 14.9-12 26.8-26.8 26.8-14.9 0-26.8-12-26.8-26.8s12-26.8 26.8-26.8 26.8 12 26.8 26.8zm76.1 27.2c-1.7-35.9-9.9-67.7-36.2-93.9-26.2-26.2-58-34.4-93.9-36.2-37-2.1-147.9-2.1-184.9 0-35.8 1.7-67.6 9.9-93.9 36.1s-34.4 58-36.2 93.9c-2.1 37-2.1 147.9 0 184.9 1.7 35.9 9.9 67.7 36.2 93.9s58 34.4 93.9 36.2c37 2.1 147.9 2.1 184.9 0 35.9-1.7 67.7-9.9 93.9-36.2 26.2-26.2 34.4-58 36.2-93.9 2.1-37 2.1-147.8 0-184.8zM398.8 388c-7.8 19.6-22.9 34.7-42.6 42.6-29.5 11.7-99.5 9-132.1 9s-102.7 2.6-132.1-9c-19.6-7.8-34.7-22.9-42.6-42.6-11.7-29.5-9-99.5-9-132.1s-2.6-102.7 9-132.1c7.8-19.6 22.9-34.7 42.6-42.6 29.5-11.7 99.5-9 132.1-9s102.7-2.6 132.1 9c19.6 7.8 34.7 22.9 42.6 42.6 11.7 29.5 9 99.5 9 132.1s2.7 102.7-9 132.1z\"><\/path><\/svg>\t\t\t\t\t\t<\/span>\n\t\t\t\t\t\t\t\t\t\t<span class=\"elementor-icon-list-text\">Find me on instagram<\/span>\n\t\t\t\t\t\t\t\t\t\t\t<\/a>\n\t\t\t\t\t\t\t\t\t<\/li>\n\t\t\t\t\t\t<\/ul>\n\t\t\t\t\t\t<\/div>\n\t\t\t\t<\/div>\n\t\t\t\t\t<\/div>\n\t\t<\/div>\n\t\t\t\t\t<\/div>\n\t\t<\/section>\n\t\t\t\t<\/div>\n\t\t","protected":false},"excerpt":{"rendered":"<p>Gr\u00f6\u00dfter Farbenreichtum bis ins kleinste Pianissimo f\u00fcr intime Kammermusik, tragf\u00e4hige Klangsch\u00f6nheit und m\u00fcheloses Forte f\u00fcr den gro\u00dfen Saal:<\/p>\n","protected":false},"author":1,"featured_media":0,"parent":0,"menu_order":0,"comment_status":"closed","ping_status":"closed","template":"elementor_header_footer","meta":{"footnotes":""},"class_list":["post-810","page","type-page","status-publish","hentry"],"_links":{"self":[{"href":"https:\/\/geigenbau-zeeck.de\/en\/wp-json\/wp\/v2\/pages\/810","targetHints":{"allow":["GET"]}}],"collection":[{"href":"https:\/\/geigenbau-zeeck.de\/en\/wp-json\/wp\/v2\/pages"}],"about":[{"href":"https:\/\/geigenbau-zeeck.de\/en\/wp-json\/wp\/v2\/types\/page"}],"author":[{"embeddable":true,"href":"https:\/\/geigenbau-zeeck.de\/en\/wp-json\/wp\/v2\/users\/1"}],"replies":[{"embeddable":true,"href":"https:\/\/geigenbau-zeeck.de\/en\/wp-json\/wp\/v2\/comments?post=810"}],"version-history":[{"count":8,"href":"https:\/\/geigenbau-zeeck.de\/en\/wp-json\/wp\/v2\/pages\/810\/revisions"}],"predecessor-version":[{"id":832,"href":"https:\/\/geigenbau-zeeck.de\/en\/wp-json\/wp\/v2\/pages\/810\/revisions\/832"}],"wp:attachment":[{"href":"https:\/\/geigenbau-zeeck.de\/en\/wp-json\/wp\/v2\/media?parent=810"}],"curies":[{"name":"wp","href":"https:\/\/api.w.org\/{rel}","templated":true}]}}