{"id":809,"date":"2025-02-12T11:47:47","date_gmt":"2025-02-12T11:47:47","guid":{"rendered":"https:\/\/geigenbau.sstechs247.com\/start2\/"},"modified":"2025-02-12T11:55:18","modified_gmt":"2025-02-12T11:55:18","slug":"%e5%bc%80%e5%a7%8b","status":"publish","type":"page","link":"https:\/\/geigenbau-zeeck.de\/zh-hans\/","title":{"rendered":"\u5f00\u59cb"},"content":{"rendered":"\t\t<div data-elementor-type=\"wp-page\" data-elementor-id=\"809\" class=\"elementor elementor-809\" data-elementor-post-type=\"page\">\n\t\t\t\t\t\t<section class=\"elementor-section elementor-top-section elementor-element elementor-element-d0a1436 elementor-section-boxed elementor-section-height-default elementor-section-height-default\" data-id=\"d0a1436\" data-element_type=\"section\" data-settings=\"{&quot;background_background&quot;:&quot;classic&quot;}\">\n\t\t\t\t\t\t<div class=\"elementor-container elementor-column-gap-default\">\n\t\t\t\t\t<div class=\"elementor-column elementor-col-50 elementor-top-column elementor-element elementor-element-5803fb0\" data-id=\"5803fb0\" data-element_type=\"column\" data-settings=\"{&quot;background_background&quot;:&quot;classic&quot;}\">\n\t\t\t<div class=\"elementor-widget-wrap elementor-element-populated\">\n\t\t\t\t\t\t<div class=\"elementor-element elementor-element-dc7f11a elementor-widget elementor-widget-elementskit-heading\" data-id=\"dc7f11a\" data-element_type=\"widget\" data-widget_type=\"elementskit-heading.default\">\n\t\t\t\t<div class=\"elementor-widget-container\">\n\t\t\t\t\t<div class=\"ekit-wid-con\" ><div class=\"ekit-heading elementskit-section-title-wraper text_left   ekit_heading_tablet-   ekit_heading_mobile-\"><h2 class=\"ekit-heading--title elementskit-section-title \">\u6b22\u8fce\u5149\u4e34<\/h2>\t\t\t\t<div class='ekit-heading__description'>\n\t\t\t\t\t<p>\u6211\u7684\u4e50\u5668\u5de5\u4f5c\u5ba4\u4e8e2015\u5e74\u5728\u7f8e\u4e3d\u800c\u53c8\u53e4\u8001\u7684\u5c0f\u57ce\u675c\u62c9\u8d3aDurlach\u521b\u7acb\u3002\u5728\u4e3a\u60a8\u63d0\u4f9b\u4e13\u4e1a\u7684\u4e50\u5668\u5236\u4f5c\u670d\u52a1\u4e4b\u5916\uff0c\u60a8\u8fd8\u5c06\u5f97\u5230\u5173\u4e8e\u58f0\u97f3\u4f18\u5316\u7684\u5e7f\u6cdb\u800c\u5168\u9762\u7684\u5efa\u8bae\u3002<\/p>\n\t\t\t\t<\/div>\n\t\t\t<\/div><\/div>\t\t\t\t<\/div>\n\t\t\t\t<\/div>\n\t\t\t\t<div class=\"elementor-element elementor-element-d910bef elementor-widget elementor-widget-elementskit-heading\" data-id=\"d910bef\" data-element_type=\"widget\" data-widget_type=\"elementskit-heading.default\">\n\t\t\t\t<div class=\"elementor-widget-container\">\n\t\t\t\t\t<div class=\"ekit-wid-con\" ><div class=\"ekit-heading elementskit-section-title-wraper text_left   ekit_heading_tablet-   ekit_heading_mobile-\"><h2 class=\"ekit-heading--title elementskit-section-title \">\u5236\u4f5c\u5c0f\u63d0\u7434\uff0c\u4e2d\u63d0\u7434\u548c\u5927\u63d0\u7434<\/h2>\t\t\t\t<div class='ekit-heading__description'>\n\t\t\t\t\t<ul>\n<li>\u591a\u79cd\u6a21\u578b\u53ef\u9009:\u5305\u62ec\u65af\u7279\u91cc\u74e6\u7b2c\uff0c\u74dc\u7eb3\u91cc\uff0c\u74dc\u8fbe\u5c3c\u5c3c\u4ee5\u53ca\u8499\u5854\u5c3c\u4e9a\u7eb3\u63d0\u7434\u7b49<\/li>\n<li>\u89c6\u89c9\u4e0a\u5b8c\u5168\u76f8\u540c\u7684\u4eff\u5236\uff0c\u5e26\u6709\u590d\u53e4\u6d82\u5c42\uff0c\u78e8\u635f\u4e0e\u539f\u4ef6\u5b8c\u5168\u4e00\u81f4\uff08bench copy\uff09<\/li>\n<\/ul>\n<p>\u6211\u5c06\u4e0e\u60a8\u4e00\u8d77\u5b9a\u5236\u60a8\u7684\u4e50\u5668\uff0c\u5305\u62ec\u97f3\u8272\uff0c\u5c3a\u5bf8\u548c\u5916\u89c2\u7b49\u3002<\/p>\n\t\t\t\t<\/div>\n\t\t\t<\/div><\/div>\t\t\t\t<\/div>\n\t\t\t\t<\/div>\n\t\t\t\t<div class=\"elementor-element elementor-element-ef1883a elementor-widget elementor-widget-elementskit-heading\" data-id=\"ef1883a\" data-element_type=\"widget\" data-widget_type=\"elementskit-heading.default\">\n\t\t\t\t<div class=\"elementor-widget-container\">\n\t\t\t\t\t<div class=\"ekit-wid-con\" ><div class=\"ekit-heading elementskit-section-title-wraper text_left   ekit_heading_tablet-   ekit_heading_mobile-\"><h2 class=\"ekit-heading--title elementskit-section-title \">\u97f3\u8272\u8bbe\u5b9a\u548c\u670d\u52a1<\/h2>\t\t\t\t<div class='ekit-heading__description'>\n\t\t\t\t\t<ul>\n<li>\u5bf9\u60a8\u7684\u4e50\u5668\u8fdb\u884c\u4e2a\u6027\u5316\u8c03\u6574<br \/>(\u5f26\u6865,\u5f26\u9ad8,\u00a0\u9888\u90e8\u8f6e\u5ed3, ...)<\/li>\n<\/ul>\n<ul>\n<li>\u6309\u7167\u60a8\u7684\u610f\u613f\u8fdb\u884c\u97f3\u8272\u8c03\u6574<br \/>(\u5305\u62ec\u5bf9\u97f3\u67f1,\u7434\u5f26\uff0c\u5f26\u6865\u7b49\u7684\u5b9a\u5236\u54a8\u8be2\u670d\u52a1)<\/li>\n<\/ul>\n<ul>\n<li>\u7434\u5f13\u66f4\u6362\u6bdb\u9b03<br \/>(\u5305\u62ec\u4f4e\u97f3\u63d0\u7434\u548c\u5df4\u6d1b\u514b\u7434\u5f13)<\/li>\n<li>\u7269\u54c1\u643a\u5e26\u51fa\u6b27\u76df\u7684\u79bb\u5883\u8bc1\u660e\uff0c<\/li>\n<\/ul>\n\t\t\t\t<\/div>\n\t\t\t<\/div><\/div>\t\t\t\t<\/div>\n\t\t\t\t<\/div>\n\t\t\t\t<div class=\"elementor-element elementor-element-fc97072 elementor-widget elementor-widget-image\" data-id=\"fc97072\" data-element_type=\"widget\" data-widget_type=\"image.default\">\n\t\t\t\t<div class=\"elementor-widget-container\">\n\t\t\t\t\t\t\t\t\t\t\t\t\t\t\t<img decoding=\"async\" width=\"315\" height=\"79\" src=\"https:\/\/geigenbau-zeeck.de\/wp-content\/uploads\/2024\/12\/SignatureForWeb.jpg\" class=\"attachment-full size-full wp-image-51\" alt=\"\" srcset=\"https:\/\/geigenbau-zeeck.de\/wp-content\/uploads\/2024\/12\/SignatureForWeb.jpg 315w, https:\/\/geigenbau-zeeck.de\/wp-content\/uploads\/2024\/12\/SignatureForWeb-300x75.jpg 300w\" sizes=\"(max-width: 315px) 100vw, 315px\" \/>\t\t\t\t\t\t\t\t\t\t\t\t\t\t\t<\/div>\n\t\t\t\t<\/div>\n\t\t\t\t\t<\/div>\n\t\t<\/div>\n\t\t\t\t<div class=\"elementor-column elementor-col-50 elementor-top-column elementor-element elementor-element-71d4669\" data-id=\"71d4669\" data-element_type=\"column\" data-settings=\"{&quot;background_background&quot;:&quot;classic&quot;}\">\n\t\t\t<div class=\"elementor-widget-wrap elementor-element-populated\">\n\t\t\t\t\t\t<div class=\"elementor-element elementor-element-e11c756 elementor-widget elementor-widget-image\" data-id=\"e11c756\" data-element_type=\"widget\" data-widget_type=\"image.default\">\n\t\t\t\t<div class=\"elementor-widget-container\">\n\t\t\t\t\t\t\t\t\t\t\t\t\t\t\t<img fetchpriority=\"high\" decoding=\"async\" width=\"400\" height=\"227\" src=\"https:\/\/geigenbau-zeeck.de\/wp-content\/uploads\/2025\/02\/Geige_04.jpg\" class=\"attachment-full size-full wp-image-686\" alt=\"\" srcset=\"https:\/\/geigenbau-zeeck.de\/wp-content\/uploads\/2025\/02\/Geige_04.jpg 400w, https:\/\/geigenbau-zeeck.de\/wp-content\/uploads\/2025\/02\/Geige_04-300x170.jpg 300w\" sizes=\"(max-width: 400px) 100vw, 400px\" \/>\t\t\t\t\t\t\t\t\t\t\t\t\t\t\t<\/div>\n\t\t\t\t<\/div>\n\t\t\t\t<div class=\"elementor-element elementor-element-45c22a3 elementor-widget elementor-widget-elementskit-heading\" data-id=\"45c22a3\" data-element_type=\"widget\" data-widget_type=\"elementskit-heading.default\">\n\t\t\t\t<div class=\"elementor-widget-container\">\n\t\t\t\t\t<div class=\"ekit-wid-con\" ><div class=\"ekit-heading elementskit-section-title-wraper text_left   ekit_heading_tablet-   ekit_heading_mobile-\"><h4 class=\"ekit-heading--subtitle elementskit-section-subtitle  \">\n\t\t\t\t\t\t\u6211\u5173\u6ce8\u4e8e\u60a8\u5bf9\u97f3\u8272\u7684\u60f3\u6cd5\u548c\u60a8\u7684\u6f14\u594f\u7279\u70b9\n\t\t\t\t\t<\/h4><\/div><\/div>\t\t\t\t<\/div>\n\t\t\t\t<\/div>\n\t\t\t\t\t<\/div>\n\t\t<\/div>\n\t\t\t\t\t<\/div>\n\t\t<\/section>\n\t\t\t\t<\/div>\n\t\t","protected":false},"excerpt":{"rendered":"<p>Gr\u00f6\u00dfter Farbenreichtum bis ins kleinste Pianissimo f\u00fcr intime Kammermusik, tragf\u00e4hige Klangsch\u00f6nheit und m\u00fcheloses Forte f\u00fcr den gro\u00dfen Saal:<\/p>\n","protected":false},"author":1,"featured_media":0,"parent":0,"menu_order":0,"comment_status":"closed","ping_status":"closed","template":"elementor_header_footer","meta":{"footnotes":""},"class_list":["post-809","page","type-page","status-publish","hentry"],"_links":{"self":[{"href":"https:\/\/geigenbau-zeeck.de\/zh-hans\/wp-json\/wp\/v2\/pages\/809","targetHints":{"allow":["GET"]}}],"collection":[{"href":"https:\/\/geigenbau-zeeck.de\/zh-hans\/wp-json\/wp\/v2\/pages"}],"about":[{"href":"https:\/\/geigenbau-zeeck.de\/zh-hans\/wp-json\/wp\/v2\/types\/page"}],"author":[{"embeddable":true,"href":"https:\/\/geigenbau-zeeck.de\/zh-hans\/wp-json\/wp\/v2\/users\/1"}],"replies":[{"embeddable":true,"href":"https:\/\/geigenbau-zeeck.de\/zh-hans\/wp-json\/wp\/v2\/comments?post=809"}],"version-history":[{"count":6,"href":"https:\/\/geigenbau-zeeck.de\/zh-hans\/wp-json\/wp\/v2\/pages\/809\/revisions"}],"predecessor-version":[{"id":820,"href":"https:\/\/geigenbau-zeeck.de\/zh-hans\/wp-json\/wp\/v2\/pages\/809\/revisions\/820"}],"wp:attachment":[{"href":"https:\/\/geigenbau-zeeck.de\/zh-hans\/wp-json\/wp\/v2\/media?parent=809"}],"curies":[{"name":"wp","href":"https:\/\/api.w.org\/{rel}","templated":true}]}}